{"id":33,"date":"2022-11-30T11:42:30","date_gmt":"2022-11-30T11:42:30","guid":{"rendered":"https:\/\/taxresolutionnyc.com\/?page_id=33"},"modified":"2022-12-06T02:46:57","modified_gmt":"2022-12-06T02:46:57","slug":"what-is-an-enrolled-agent","status":"publish","type":"page","link":"https:\/\/taxresolutionnyc.com\/es\/what-is-an-enrolled-agent\/","title":{"rendered":"\u00bfQu\u00e9 es un Agente Inscrito?"},"content":{"rendered":"<div data-elementor-type=\"wp-page\" data-elementor-id=\"33\" class=\"elementor elementor-33\" data-elementor-post-type=\"page\">\n\t\t\t\t\t\t<section class=\"elementor-section elementor-top-section elementor-element elementor-element-bb6668d elementor-section-full_width elementor-section-height-default elementor-section-height-default\" data-id=\"bb6668d\" data-element_type=\"section\" data-settings=\"{&quot;background_background&quot;:&quot;classic&quot;,&quot;shape_divider_bottom&quot;:&quot;zigzag&quot;}\">\n\t\t\t\t\t\t\t<div class=\"elementor-background-overlay\"><\/div>\n\t\t\t\t\t\t<div class=\"elementor-shape elementor-shape-bottom\" data-negative=\"false\">\n\t\t\t<svg xmlns=\"http:\/\/www.w3.org\/2000\/svg\" viewbox=\"0 0 1800 5.8\" preserveaspectratio=\"none\">\n  <path class=\"elementor-shape-fill\" d=\"M5.4.4l5.4 5.3L16.5.4l5.4 5.3L27.5.4 33 5.7 38.6.4l5.5 5.4h.1L49.9.4l5.4 5.3L60.9.4l5.5 5.3L72 .4l5.5 5.3L83.1.4l5.4 5.3L94.1.4l5.5 5.4h.2l5.6-5.4 5.5 5.3 5.6-5.3 5.4 5.3 5.6-5.3 5.5 5.3 5.6-5.3 5.5 5.4h.2l5.6-5.4 5.4 5.3L161 .4l5.4 5.3L172 .4l5.5 5.3 5.6-5.3 5.4 5.3 5.7-5.3 5.4 5.4h.2l5.6-5.4 5.5 5.3 5.6-5.3 5.5 5.3 5.6-5.3 5.4 5.3 5.6-5.3 5.5 5.4h.2l5.6-5.4 5.5 5.3L261 .4l5.4 5.3L272 .4l5.5 5.3 5.6-5.3 5.5 5.3 5.6-5.3 5.5 5.4h.1l5.7-5.4 5.4 5.3 5.6-5.3 5.5 5.3 5.6-5.3 5.4 5.3 5.7-5.3 5.4 5.4h.2l5.6-5.4 5.5 5.3L361 .4l5.5 5.3 5.6-5.3 5.4 5.3 5.6-5.3 5.5 5.3 5.6-5.3 5.5 5.4h.1l5.7-5.4 5.4 5.3 5.6-5.3 5.5 5.3 5.6-5.3 5.5 5.3 5.6-5.3 5.5 5.4h.1l5.6-5.4 5.5 5.3L461 .4l5.5 5.3 5.6-5.3 5.4 5.3 5.7-5.3 5.4 5.3 5.6-5.3 5.5 5.4h.2l5.6-5.4 5.5 5.3 5.6-5.3 5.4 5.3 5.6-5.3 5.5 5.3 5.6-5.3 5.5 5.4h.1L550 .4l5.4 5.3L561 .4l5.5 5.3 5.6-5.3 5.5 5.3 5.6-5.3 5.4 5.3 5.6-5.3 5.5 5.4h.2l5.6-5.4 5.5 5.3 5.6-5.3 5.4 5.3 5.7-5.3 5.4 5.3 5.6-5.3 5.5 5.4h.2L650 .4l5.5 5.3 5.6-5.3 5.4 5.3 5.6-5.3 5.5 5.3 5.6-5.3 5.5 5.3 5.6-5.3 5.4 5.4h.2l5.6-5.4 5.5 5.3 5.6-5.3 5.5 5.3 5.6-5.3 5.4 5.3 5.6-5.3 5.5 5.4h.2L750 .4l5.5 5.3 5.6-5.3 5.4 5.3 5.7-5.3 5.4 5.3 5.6-5.3 5.5 5.3 5.6-5.3 5.5 5.4h.1l5.7-5.4 5.4 5.3 5.6-5.3 5.5 5.3 5.6-5.3 5.5 5.3 5.6-5.3 5.4 5.4h.2L850 .4l5.5 5.3 5.6-5.3 5.5 5.3 5.6-5.3 5.4 5.3 5.6-5.3 5.5 5.3 5.6-5.3 5.5 5.4h.2l5.6-5.4 5.4 5.3 5.7-5.3 5.4 5.3 5.6-5.3 5.5 5.3 5.6-5.3 5.5 5.4h.1l5.7-5.4 5.4 5.3 5.6-5.3 5.5 5.3 5.6-5.3 5.5 5.3 5.6-5.3 5.4 5.3 5.6-5.3 5.5 5.4h.2l5.6-5.4 5.5 5.3 5.6-5.3 5.4 5.3 5.6-5.3 5.5 5.3 5.6-5.3 5.5 5.4h.2l5.6-5.4 5.4 5.3 5.7-5.3 5.4 5.3 5.6-5.3 5.5 5.3 5.6-5.3 5.5 5.3 5.6-5.3 5.4 5.4h.2l5.6-5.4 5.5 5.3 5.6-5.3 5.5 5.3 5.6-5.3 5.4 5.3 5.6-5.3 5.5 5.4h.2l5.6-5.4 5.5 5.3 5.6-5.3 5.4 5.3 5.6-5.3 5.5 5.3 5.6-5.3 5.5 5.3 5.6-5.3 5.5 5.4h.1l5.7-5.4 5.4 5.3 5.6-5.3 5.5 5.3 5.6-5.3 5.5 5.3 5.6-5.3 5.4 5.4h.2l5.6-5.4 5.5 5.3 5.6-5.3 5.5 5.3 5.6-5.3 5.4 5.3 5.6-5.3 5.5 5.3 5.6-5.3 5.5 5.4h.2l5.6-5.4 5.4 5.3 5.6-5.3 5.5 5.3 5.6-5.3 5.5 5.3 5.6-5.3 5.5 5.4h.1l5.7-5.4 5.4 5.3 5.6-5.3 5.5 5.3 5.6-5.3 5.5 5.3 5.6-5.3 5.4 5.3 5.6-5.3 5.5 5.4h.2l5.6-5.4 5.5 5.3 5.6-5.3 5.4 5.3 5.6-5.3 5.5 5.3 5.6-5.3 5.5 5.4h.2l5.6-5.4 5.4 5.3 5.6-5.3 5.5 5.3 5.6-5.3 5.5 5.3 5.6-5.3 5.4 5.3 5.7-5.3 5.4 5.4h.2l5.6-5.4 5.5 5.3 5.6-5.3 5.5 5.3 5.6-5.3 5.4 5.3 5.6-5.3 5.5 5.4h.2l5.6-5.4 5.5 5.3 5.6-5.3 5.4 5.3 5.6-5.3 5.5 5.3 5.6-5.3 5.5 5.3 5.6-5.3 5.5 5.4h.1l5.6-5.4 5.5 5.3 5.6-5.3 5.5 5.3 5.6-5.3 5.4 5.3 5.7-5.3 5.4 5.4h.2l5.6-5.4 5.5 5.3 5.6-5.3 5.5 5.3 5.6-5.3 5.4 5.3 5.6-5.3 5.5 5.3 5.6-5.3 5.5 5.4h.1l5.7-5.4 5.4 5.3 5.6-5.3 5.5 5.3 5.6-5.3 5.5 5.3 5.6-5.3 5.5 5.4h.1l5.6-5.4 5.5 5.3 5.6-5.3 5.5 5.3 5.6-5.3 5.4 5.3 5.7-5.3 5.4 5.3 5.6-5.3 5.5 5.4V0H-.2v5.8z\"\/>\n<\/svg>\n\t\t<\/div>\n\t\t\t\t\t<div class=\"elementor-container elementor-column-gap-default\">\n\t\t\t\t\t<div class=\"elementor-column elementor-col-100 elementor-top-column elementor-element elementor-element-f858825\" data-id=\"f858825\" data-element_type=\"column\">\n\t\t\t<div class=\"elementor-widget-wrap elementor-element-populated\">\n\t\t\t\t\t\t<div class=\"elementor-element elementor-element-f6a6e83 elementor-widget elementor-widget-heading\" data-id=\"f6a6e83\" data-element_type=\"widget\" data-widget_type=\"heading.default\">\n\t\t\t\t<div class=\"elementor-widget-container\">\n\t\t\t\t\t<h2 class=\"elementor-heading-title elementor-size-default\">\u00bfQu\u00e9 es un Agente Inscrito?<\/h2>\t\t\t\t<\/div>\n\t\t\t\t<\/div>\n\t\t\t\t\t<\/div>\n\t\t<\/div>\n\t\t\t\t\t<\/div>\n\t\t<\/section>\n\t\t\t\t<section class=\"elementor-section elementor-top-section elementor-element elementor-element-6ff3357 elementor-section-full_width elementor-section-height-default elementor-section-height-default\" data-id=\"6ff3357\" data-element_type=\"section\">\n\t\t\t\t\t\t<div class=\"elementor-container elementor-column-gap-default\">\n\t\t\t\t\t<div class=\"elementor-column elementor-col-100 elementor-top-column elementor-element elementor-element-b2fbaae\" data-id=\"b2fbaae\" data-element_type=\"column\">\n\t\t\t<div class=\"elementor-widget-wrap elementor-element-populated\">\n\t\t\t\t\t\t<section class=\"elementor-section elementor-inner-section elementor-element elementor-element-bee49cc elementor-section-full_width elementor-reverse-tablet elementor-reverse-mobile elementor-section-height-default elementor-section-height-default\" data-id=\"bee49cc\" data-element_type=\"section\">\n\t\t\t\t\t\t<div class=\"elementor-container elementor-column-gap-default\">\n\t\t\t\t\t<div class=\"elementor-column elementor-col-50 elementor-inner-column elementor-element elementor-element-628546d\" data-id=\"628546d\" data-element_type=\"column\">\n\t\t\t<div class=\"elementor-widget-wrap elementor-element-populated\">\n\t\t\t\t\t\t<div class=\"elementor-element elementor-element-1517ae3 elementor-widget elementor-widget-text-editor\" data-id=\"1517ae3\" data-element_type=\"widget\" data-widget_type=\"text-editor.default\">\n\t\t\t\t<div class=\"elementor-widget-container\">\n\t\t\t\t\t\t\t\t\t<p class=\"translation-block\"><strong>Un Agente Inscrito (EA) es un asesor fiscal que es un profesional de impuestos con licencia federal<\/strong> que puede representar a los contribuyentes ante el IRS cuando se trata de colecciones, auditor\u00edas y apelaciones. <strong>Seg\u00fan lo autorizado por el Departamento del Tesoro, a los EA se les otorga derechos de pr\u00e1ctica ilimitados para representar a los contribuyentes<\/strong> ante el IRS y est\u00e1n <strong>autorizados para asesorar, representar y preparar declaraciones de impuestos para individuos, sociedades, corporaciones, patrimonios, fideicomisos y cualquier entidad con requisitos de declaraci\u00f3n de impuestos.<\/strong><\/p><p><strong>Los Agentes Inscrito son los \u00fanicos profesionales de impuesto con licencia federal especializados en tributaci\u00f3n y con derechos ilimitados para representar a los contribuyentes ante el IRS.<\/strong><\/p>\t\t\t\t\t\t\t\t<\/div>\n\t\t\t\t<\/div>\n\t\t\t\t\t<\/div>\n\t\t<\/div>\n\t\t\t\t<div class=\"elementor-column elementor-col-50 elementor-inner-column elementor-element elementor-element-1ba094c\" data-id=\"1ba094c\" data-element_type=\"column\">\n\t\t\t<div class=\"elementor-widget-wrap elementor-element-populated\">\n\t\t\t\t\t\t<div class=\"elementor-element elementor-element-97c82d3 elementor-widget elementor-widget-image\" data-id=\"97c82d3\" data-element_type=\"widget\" data-widget_type=\"image.default\">\n\t\t\t\t<div class=\"elementor-widget-container\">\n\t\t\t\t\t\t\t\t\t\t\t\t\t\t\t<img fetchpriority=\"high\" decoding=\"async\" width=\"1280\" height=\"853\" src=\"https:\/\/taxresolutionnyc.com\/wp-content\/uploads\/2022\/12\/img-what-1.jpg\" class=\"attachment-full size-full wp-image-211\" alt=\"\" srcset=\"https:\/\/taxresolutionnyc.com\/wp-content\/uploads\/2022\/12\/img-what-1.jpg 1280w, https:\/\/taxresolutionnyc.com\/wp-content\/uploads\/2022\/12\/img-what-1-300x200.jpg 300w, https:\/\/taxresolutionnyc.com\/wp-content\/uploads\/2022\/12\/img-what-1-1024x682.jpg 1024w, https:\/\/taxresolutionnyc.com\/wp-content\/uploads\/2022\/12\/img-what-1-768x512.jpg 768w\" sizes=\"(max-width: 1280px) 100vw, 1280px\" \/>\t\t\t\t\t\t\t\t\t\t\t\t\t\t\t<\/div>\n\t\t\t\t<\/div>\n\t\t\t\t\t<\/div>\n\t\t<\/div>\n\t\t\t\t\t<\/div>\n\t\t<\/section>\n\t\t\t\t<section class=\"elementor-section elementor-inner-section elementor-element elementor-element-af109e4 elementor-section-full_width elementor-section-height-default elementor-section-height-default\" data-id=\"af109e4\" data-element_type=\"section\">\n\t\t\t\t\t\t<div class=\"elementor-container elementor-column-gap-default\">\n\t\t\t\t\t<div class=\"elementor-column elementor-col-50 elementor-inner-column elementor-element elementor-element-aaed812\" data-id=\"aaed812\" data-element_type=\"column\">\n\t\t\t<div class=\"elementor-widget-wrap elementor-element-populated\">\n\t\t\t\t\t\t<div class=\"elementor-element elementor-element-c02d8f8 elementor-widget elementor-widget-image\" data-id=\"c02d8f8\" data-element_type=\"widget\" data-widget_type=\"image.default\">\n\t\t\t\t<div class=\"elementor-widget-container\">\n\t\t\t\t\t\t\t\t\t\t\t\t\t\t\t<img decoding=\"async\" width=\"1280\" height=\"853\" src=\"https:\/\/taxresolutionnyc.com\/wp-content\/uploads\/2022\/12\/img-what-2.jpg\" class=\"attachment-full size-full wp-image-210\" alt=\"\" srcset=\"https:\/\/taxresolutionnyc.com\/wp-content\/uploads\/2022\/12\/img-what-2.jpg 1280w, https:\/\/taxresolutionnyc.com\/wp-content\/uploads\/2022\/12\/img-what-2-300x200.jpg 300w, https:\/\/taxresolutionnyc.com\/wp-content\/uploads\/2022\/12\/img-what-2-1024x682.jpg 1024w, https:\/\/taxresolutionnyc.com\/wp-content\/uploads\/2022\/12\/img-what-2-768x512.jpg 768w\" sizes=\"(max-width: 1280px) 100vw, 1280px\" \/>\t\t\t\t\t\t\t\t\t\t\t\t\t\t\t<\/div>\n\t\t\t\t<\/div>\n\t\t\t\t\t<\/div>\n\t\t<\/div>\n\t\t\t\t<div class=\"elementor-column elementor-col-50 elementor-inner-column elementor-element elementor-element-8354c9d\" data-id=\"8354c9d\" data-element_type=\"column\">\n\t\t\t<div class=\"elementor-widget-wrap elementor-element-populated\">\n\t\t\t\t\t\t<div class=\"elementor-element elementor-element-8adcb54 elementor-widget elementor-widget-text-editor\" data-id=\"8adcb54\" data-element_type=\"widget\" data-widget_type=\"text-editor.default\">\n\t\t\t\t<div class=\"elementor-widget-container\">\n\t\t\t\t\t\t\t\t\t<p class=\"translation-block\">Las <strong>diferencias entre los Agentes Inscrito<\/strong>  y <strong>otros profesionales<\/strong> de impuestos son que s\u00f3lo los EA est\u00e1n obligados a demostrar al IRS su capacidad en asuntos de tributaci\u00f3n antes de que puedan representar a un contribuyente ante el IRS. A diferencia de los abogados y los CPA, que pueden o no optar por especializarse en impuestos, todos los EA se especializan en impuestos. <strong>Los EA son los \u00fanicos representantes de los contribuyentes que reciben su derecho a practicar por parte del gobierno de EE.UU.<\/strong> (los CPA y los abogados est\u00e1n autorizados por los estados).<\/p><p class=\"translation-block\"><strong>Los EA tambi\u00e9n preparan declaraciones de impuestos<\/strong> y <strong>llevan la contabilidad<\/strong> de aquellas personas y empresas que necesitan ayuda adicional con sus estados financieros.<\/p>\t\t\t\t\t\t\t\t<\/div>\n\t\t\t\t<\/div>\n\t\t\t\t\t<\/div>\n\t\t<\/div>\n\t\t\t\t\t<\/div>\n\t\t<\/section>\n\t\t\t\t\t<\/div>\n\t\t<\/div>\n\t\t\t\t\t<\/div>\n\t\t<\/section>\n\t\t\t\t<\/div>","protected":false},"excerpt":{"rendered":"<p>What is an Enrolled Agent? An Enrolled Agent (EA) is a tax advisor who is a federally-licensed tax practitioner who may represent taxpayers before the IRS when it comes to collections, audits and appeals. As authorized by the Department of Treasury, EAs are granted unlimited practice rights to represent taxpayers before IRS and are authorized &hellip;<\/p>\n<p class=\"read-more\"> <a class=\"\" href=\"https:\/\/taxresolutionnyc.com\/es\/what-is-an-enrolled-agent\/\"> <span class=\"screen-reader-text\">\u00bfQu\u00e9 es un Agente Inscrito?<\/span> Leer m\u00e1s &raquo;<\/a><\/p>","protected":false},"author":1,"featured_media":0,"parent":0,"menu_order":0,"comment_status":"closed","ping_status":"closed","template":"elementor_header_footer","meta":{"site-sidebar-layout":"no-sidebar","site-content-layout":"page-builder","ast-global-header-display":"","ast-main-header-display":"","ast-hfb-above-header-display":"","ast-hfb-below-header-display":"","ast-hfb-mobile-header-display":"","site-post-title":"disabled","ast-breadcrumbs-content":"","ast-featured-img":"disabled","footer-sml-layout":"","theme-transparent-header-meta":"","adv-header-id-meta":"","stick-header-meta":"","header-above-stick-meta":"","header-main-stick-meta":"","header-below-stick-meta":"","footnotes":""},"class_list":["post-33","page","type-page","status-publish","hentry"],"yoast_head":"<!-- This site is optimized with the Yoast SEO plugin v23.4 - https:\/\/yoast.com\/wordpress\/plugins\/seo\/ -->\n<title>What is an Enrolled Agent? - Tax Resolution Professionals<\/title>\n<meta name=\"robots\" content=\"index, follow, max-snippet:-1, max-image-preview:large, max-video-preview:-1\" \/>\n<link rel=\"canonical\" href=\"https:\/\/taxresolutionnyc.com\/es\/what-is-an-enrolled-agent\/\" \/>\n<meta property=\"og:locale\" content=\"es_ES\" \/>\n<meta property=\"og:type\" content=\"article\" \/>\n<meta property=\"og:title\" content=\"What is an Enrolled Agent? - Tax Resolution Professionals\" \/>\n<meta property=\"og:description\" content=\"What is an Enrolled Agent? An Enrolled Agent (EA) is a tax advisor who is a federally-licensed tax practitioner who may represent taxpayers before the IRS when it comes to collections, audits and appeals. As authorized by the Department of Treasury, EAs are granted unlimited practice rights to represent taxpayers before IRS and are authorized &hellip; What is an Enrolled Agent? Leer m\u00e1s &raquo;\" \/>\n<meta property=\"og:url\" content=\"https:\/\/taxresolutionnyc.com\/es\/what-is-an-enrolled-agent\/\" \/>\n<meta property=\"og:site_name\" content=\"Tax Resolution Professionals\" \/>\n<meta property=\"article:modified_time\" content=\"2022-12-06T02:46:57+00:00\" \/>\n<meta property=\"og:image\" content=\"https:\/\/taxresolutionnyc.com\/wp-content\/uploads\/2022\/12\/img-what-1.jpg\" \/>\n<meta name=\"twitter:card\" content=\"summary_large_image\" \/>\n<meta name=\"twitter:label1\" content=\"Tiempo de lectura\" \/>\n\t<meta name=\"twitter:data1\" content=\"2 minutos\" \/>\n<script type=\"application\/ld+json\" class=\"yoast-schema-graph\">{\"@context\":\"https:\/\/schema.org\",\"@graph\":[{\"@type\":\"WebPage\",\"@id\":\"https:\/\/taxresolutionnyc.com\/what-is-an-enrolled-agent\/\",\"url\":\"https:\/\/taxresolutionnyc.com\/what-is-an-enrolled-agent\/\",\"name\":\"What is an Enrolled Agent? - Tax Resolution Professionals\",\"isPartOf\":{\"@id\":\"https:\/\/lightgoldenrodyellow-rhinoceros-967801.hostingersite.com\/#website\"},\"primaryImageOfPage\":{\"@id\":\"https:\/\/taxresolutionnyc.com\/what-is-an-enrolled-agent\/#primaryimage\"},\"image\":{\"@id\":\"https:\/\/taxresolutionnyc.com\/what-is-an-enrolled-agent\/#primaryimage\"},\"thumbnailUrl\":\"https:\/\/taxresolutionnyc.com\/wp-content\/uploads\/2022\/12\/img-what-1.jpg\",\"datePublished\":\"2022-11-30T11:42:30+00:00\",\"dateModified\":\"2022-12-06T02:46:57+00:00\",\"breadcrumb\":{\"@id\":\"https:\/\/taxresolutionnyc.com\/what-is-an-enrolled-agent\/#breadcrumb\"},\"inLanguage\":\"es\",\"potentialAction\":[{\"@type\":\"ReadAction\",\"target\":[\"https:\/\/taxresolutionnyc.com\/what-is-an-enrolled-agent\/\"]}]},{\"@type\":\"ImageObject\",\"inLanguage\":\"es\",\"@id\":\"https:\/\/taxresolutionnyc.com\/what-is-an-enrolled-agent\/#primaryimage\",\"url\":\"https:\/\/taxresolutionnyc.com\/wp-content\/uploads\/2022\/12\/img-what-1.jpg\",\"contentUrl\":\"https:\/\/taxresolutionnyc.com\/wp-content\/uploads\/2022\/12\/img-what-1.jpg\"},{\"@type\":\"BreadcrumbList\",\"@id\":\"https:\/\/taxresolutionnyc.com\/what-is-an-enrolled-agent\/#breadcrumb\",\"itemListElement\":[{\"@type\":\"ListItem\",\"position\":1,\"name\":\"Home\",\"item\":\"https:\/\/lightgoldenrodyellow-rhinoceros-967801.hostingersite.com\/\"},{\"@type\":\"ListItem\",\"position\":2,\"name\":\"What is an Enrolled Agent?\"}]},{\"@type\":\"WebSite\",\"@id\":\"https:\/\/lightgoldenrodyellow-rhinoceros-967801.hostingersite.com\/#website\",\"url\":\"https:\/\/lightgoldenrodyellow-rhinoceros-967801.hostingersite.com\/\",\"name\":\"Tax Resolution Professionals\",\"description\":\"NYC\",\"potentialAction\":[{\"@type\":\"SearchAction\",\"target\":{\"@type\":\"EntryPoint\",\"urlTemplate\":\"https:\/\/lightgoldenrodyellow-rhinoceros-967801.hostingersite.com\/?s={search_term_string}\"},\"query-input\":{\"@type\":\"PropertyValueSpecification\",\"valueRequired\":true,\"valueName\":\"search_term_string\"}}],\"inLanguage\":\"es\"}]}<\/script>\n<!-- \/ Yoast SEO plugin. -->","yoast_head_json":{"title":"What is an Enrolled Agent? - Tax Resolution Professionals","robots":{"index":"index","follow":"follow","max-snippet":"max-snippet:-1","max-image-preview":"max-image-preview:large","max-video-preview":"max-video-preview:-1"},"canonical":"https:\/\/taxresolutionnyc.com\/es\/what-is-an-enrolled-agent\/","og_locale":"es_ES","og_type":"article","og_title":"What is an Enrolled Agent? - Tax Resolution Professionals","og_description":"What is an Enrolled Agent? An Enrolled Agent (EA) is a tax advisor who is a federally-licensed tax practitioner who may represent taxpayers before the IRS when it comes to collections, audits and appeals. As authorized by the Department of Treasury, EAs are granted unlimited practice rights to represent taxpayers before IRS and are authorized &hellip; What is an Enrolled Agent? Leer m\u00e1s &raquo;","og_url":"https:\/\/taxresolutionnyc.com\/es\/what-is-an-enrolled-agent\/","og_site_name":"Tax Resolution Professionals","article_modified_time":"2022-12-06T02:46:57+00:00","og_image":[{"url":"https:\/\/taxresolutionnyc.com\/wp-content\/uploads\/2022\/12\/img-what-1.jpg"}],"twitter_card":"summary_large_image","twitter_misc":{"Tiempo de lectura":"2 minutos"},"schema":{"@context":"https:\/\/schema.org","@graph":[{"@type":"WebPage","@id":"https:\/\/taxresolutionnyc.com\/what-is-an-enrolled-agent\/","url":"https:\/\/taxresolutionnyc.com\/what-is-an-enrolled-agent\/","name":"What is an Enrolled Agent? - Tax Resolution Professionals","isPartOf":{"@id":"https:\/\/lightgoldenrodyellow-rhinoceros-967801.hostingersite.com\/#website"},"primaryImageOfPage":{"@id":"https:\/\/taxresolutionnyc.com\/what-is-an-enrolled-agent\/#primaryimage"},"image":{"@id":"https:\/\/taxresolutionnyc.com\/what-is-an-enrolled-agent\/#primaryimage"},"thumbnailUrl":"https:\/\/taxresolutionnyc.com\/wp-content\/uploads\/2022\/12\/img-what-1.jpg","datePublished":"2022-11-30T11:42:30+00:00","dateModified":"2022-12-06T02:46:57+00:00","breadcrumb":{"@id":"https:\/\/taxresolutionnyc.com\/what-is-an-enrolled-agent\/#breadcrumb"},"inLanguage":"es","potentialAction":[{"@type":"ReadAction","target":["https:\/\/taxresolutionnyc.com\/what-is-an-enrolled-agent\/"]}]},{"@type":"ImageObject","inLanguage":"es","@id":"https:\/\/taxresolutionnyc.com\/what-is-an-enrolled-agent\/#primaryimage","url":"https:\/\/taxresolutionnyc.com\/wp-content\/uploads\/2022\/12\/img-what-1.jpg","contentUrl":"https:\/\/taxresolutionnyc.com\/wp-content\/uploads\/2022\/12\/img-what-1.jpg"},{"@type":"BreadcrumbList","@id":"https:\/\/taxresolutionnyc.com\/what-is-an-enrolled-agent\/#breadcrumb","itemListElement":[{"@type":"ListItem","position":1,"name":"Home","item":"https:\/\/lightgoldenrodyellow-rhinoceros-967801.hostingersite.com\/"},{"@type":"ListItem","position":2,"name":"What is an Enrolled Agent?"}]},{"@type":"WebSite","@id":"https:\/\/lightgoldenrodyellow-rhinoceros-967801.hostingersite.com\/#website","url":"https:\/\/lightgoldenrodyellow-rhinoceros-967801.hostingersite.com\/","name":"Tax Resolution Professionals","description":"NYC","potentialAction":[{"@type":"SearchAction","target":{"@type":"EntryPoint","urlTemplate":"https:\/\/lightgoldenrodyellow-rhinoceros-967801.hostingersite.com\/?s={search_term_string}"},"query-input":{"@type":"PropertyValueSpecification","valueRequired":true,"valueName":"search_term_string"}}],"inLanguage":"es"}]}},"_links":{"self":[{"href":"https:\/\/taxresolutionnyc.com\/es\/wp-json\/wp\/v2\/pages\/33","targetHints":{"allow":["GET"]}}],"collection":[{"href":"https:\/\/taxresolutionnyc.com\/es\/wp-json\/wp\/v2\/pages"}],"about":[{"href":"https:\/\/taxresolutionnyc.com\/es\/wp-json\/wp\/v2\/types\/page"}],"author":[{"embeddable":true,"href":"https:\/\/taxresolutionnyc.com\/es\/wp-json\/wp\/v2\/users\/1"}],"replies":[{"embeddable":true,"href":"https:\/\/taxresolutionnyc.com\/es\/wp-json\/wp\/v2\/comments?post=33"}],"version-history":[{"count":13,"href":"https:\/\/taxresolutionnyc.com\/es\/wp-json\/wp\/v2\/pages\/33\/revisions"}],"predecessor-version":[{"id":221,"href":"https:\/\/taxresolutionnyc.com\/es\/wp-json\/wp\/v2\/pages\/33\/revisions\/221"}],"wp:attachment":[{"href":"https:\/\/taxresolutionnyc.com\/es\/wp-json\/wp\/v2\/media?parent=33"}],"curies":[{"name":"wp","href":"https:\/\/api.w.org\/{rel}","templated":true}]}}