{"id":29,"date":"2022-11-30T11:41:37","date_gmt":"2022-11-30T11:41:37","guid":{"rendered":"https:\/\/taxresolutionnyc.com\/?page_id=29"},"modified":"2023-06-29T19:35:31","modified_gmt":"2023-06-29T19:35:31","slug":"about-us","status":"publish","type":"page","link":"https:\/\/taxresolutionnyc.com\/es\/about-us\/","title":{"rendered":"Acerca de"},"content":{"rendered":"<div data-elementor-type=\"wp-page\" data-elementor-id=\"29\" class=\"elementor elementor-29\" data-elementor-post-type=\"page\">\n\t\t\t\t\t\t<section class=\"elementor-section elementor-top-section elementor-element elementor-element-6e58c91 elementor-section-full_width elementor-section-height-default elementor-section-height-default\" data-id=\"6e58c91\" data-element_type=\"section\" data-settings=\"{&quot;background_background&quot;:&quot;classic&quot;,&quot;shape_divider_bottom&quot;:&quot;zigzag&quot;}\">\n\t\t\t\t\t\t\t<div class=\"elementor-background-overlay\"><\/div>\n\t\t\t\t\t\t<div class=\"elementor-shape elementor-shape-bottom\" data-negative=\"false\">\n\t\t\t<svg xmlns=\"http:\/\/www.w3.org\/2000\/svg\" viewbox=\"0 0 1800 5.8\" preserveaspectratio=\"none\">\n  <path class=\"elementor-shape-fill\" d=\"M5.4.4l5.4 5.3L16.5.4l5.4 5.3L27.5.4 33 5.7 38.6.4l5.5 5.4h.1L49.9.4l5.4 5.3L60.9.4l5.5 5.3L72 .4l5.5 5.3L83.1.4l5.4 5.3L94.1.4l5.5 5.4h.2l5.6-5.4 5.5 5.3 5.6-5.3 5.4 5.3 5.6-5.3 5.5 5.3 5.6-5.3 5.5 5.4h.2l5.6-5.4 5.4 5.3L161 .4l5.4 5.3L172 .4l5.5 5.3 5.6-5.3 5.4 5.3 5.7-5.3 5.4 5.4h.2l5.6-5.4 5.5 5.3 5.6-5.3 5.5 5.3 5.6-5.3 5.4 5.3 5.6-5.3 5.5 5.4h.2l5.6-5.4 5.5 5.3L261 .4l5.4 5.3L272 .4l5.5 5.3 5.6-5.3 5.5 5.3 5.6-5.3 5.5 5.4h.1l5.7-5.4 5.4 5.3 5.6-5.3 5.5 5.3 5.6-5.3 5.4 5.3 5.7-5.3 5.4 5.4h.2l5.6-5.4 5.5 5.3L361 .4l5.5 5.3 5.6-5.3 5.4 5.3 5.6-5.3 5.5 5.3 5.6-5.3 5.5 5.4h.1l5.7-5.4 5.4 5.3 5.6-5.3 5.5 5.3 5.6-5.3 5.5 5.3 5.6-5.3 5.5 5.4h.1l5.6-5.4 5.5 5.3L461 .4l5.5 5.3 5.6-5.3 5.4 5.3 5.7-5.3 5.4 5.3 5.6-5.3 5.5 5.4h.2l5.6-5.4 5.5 5.3 5.6-5.3 5.4 5.3 5.6-5.3 5.5 5.3 5.6-5.3 5.5 5.4h.1L550 .4l5.4 5.3L561 .4l5.5 5.3 5.6-5.3 5.5 5.3 5.6-5.3 5.4 5.3 5.6-5.3 5.5 5.4h.2l5.6-5.4 5.5 5.3 5.6-5.3 5.4 5.3 5.7-5.3 5.4 5.3 5.6-5.3 5.5 5.4h.2L650 .4l5.5 5.3 5.6-5.3 5.4 5.3 5.6-5.3 5.5 5.3 5.6-5.3 5.5 5.3 5.6-5.3 5.4 5.4h.2l5.6-5.4 5.5 5.3 5.6-5.3 5.5 5.3 5.6-5.3 5.4 5.3 5.6-5.3 5.5 5.4h.2L750 .4l5.5 5.3 5.6-5.3 5.4 5.3 5.7-5.3 5.4 5.3 5.6-5.3 5.5 5.3 5.6-5.3 5.5 5.4h.1l5.7-5.4 5.4 5.3 5.6-5.3 5.5 5.3 5.6-5.3 5.5 5.3 5.6-5.3 5.4 5.4h.2L850 .4l5.5 5.3 5.6-5.3 5.5 5.3 5.6-5.3 5.4 5.3 5.6-5.3 5.5 5.3 5.6-5.3 5.5 5.4h.2l5.6-5.4 5.4 5.3 5.7-5.3 5.4 5.3 5.6-5.3 5.5 5.3 5.6-5.3 5.5 5.4h.1l5.7-5.4 5.4 5.3 5.6-5.3 5.5 5.3 5.6-5.3 5.5 5.3 5.6-5.3 5.4 5.3 5.6-5.3 5.5 5.4h.2l5.6-5.4 5.5 5.3 5.6-5.3 5.4 5.3 5.6-5.3 5.5 5.3 5.6-5.3 5.5 5.4h.2l5.6-5.4 5.4 5.3 5.7-5.3 5.4 5.3 5.6-5.3 5.5 5.3 5.6-5.3 5.5 5.3 5.6-5.3 5.4 5.4h.2l5.6-5.4 5.5 5.3 5.6-5.3 5.5 5.3 5.6-5.3 5.4 5.3 5.6-5.3 5.5 5.4h.2l5.6-5.4 5.5 5.3 5.6-5.3 5.4 5.3 5.6-5.3 5.5 5.3 5.6-5.3 5.5 5.3 5.6-5.3 5.5 5.4h.1l5.7-5.4 5.4 5.3 5.6-5.3 5.5 5.3 5.6-5.3 5.5 5.3 5.6-5.3 5.4 5.4h.2l5.6-5.4 5.5 5.3 5.6-5.3 5.5 5.3 5.6-5.3 5.4 5.3 5.6-5.3 5.5 5.3 5.6-5.3 5.5 5.4h.2l5.6-5.4 5.4 5.3 5.6-5.3 5.5 5.3 5.6-5.3 5.5 5.3 5.6-5.3 5.5 5.4h.1l5.7-5.4 5.4 5.3 5.6-5.3 5.5 5.3 5.6-5.3 5.5 5.3 5.6-5.3 5.4 5.3 5.6-5.3 5.5 5.4h.2l5.6-5.4 5.5 5.3 5.6-5.3 5.4 5.3 5.6-5.3 5.5 5.3 5.6-5.3 5.5 5.4h.2l5.6-5.4 5.4 5.3 5.6-5.3 5.5 5.3 5.6-5.3 5.5 5.3 5.6-5.3 5.4 5.3 5.7-5.3 5.4 5.4h.2l5.6-5.4 5.5 5.3 5.6-5.3 5.5 5.3 5.6-5.3 5.4 5.3 5.6-5.3 5.5 5.4h.2l5.6-5.4 5.5 5.3 5.6-5.3 5.4 5.3 5.6-5.3 5.5 5.3 5.6-5.3 5.5 5.3 5.6-5.3 5.5 5.4h.1l5.6-5.4 5.5 5.3 5.6-5.3 5.5 5.3 5.6-5.3 5.4 5.3 5.7-5.3 5.4 5.4h.2l5.6-5.4 5.5 5.3 5.6-5.3 5.5 5.3 5.6-5.3 5.4 5.3 5.6-5.3 5.5 5.3 5.6-5.3 5.5 5.4h.1l5.7-5.4 5.4 5.3 5.6-5.3 5.5 5.3 5.6-5.3 5.5 5.3 5.6-5.3 5.5 5.4h.1l5.6-5.4 5.5 5.3 5.6-5.3 5.5 5.3 5.6-5.3 5.4 5.3 5.7-5.3 5.4 5.3 5.6-5.3 5.5 5.4V0H-.2v5.8z\"\/>\n<\/svg>\n\t\t<\/div>\n\t\t\t\t\t<div class=\"elementor-container elementor-column-gap-default\">\n\t\t\t\t\t<div class=\"elementor-column elementor-col-100 elementor-top-column elementor-element elementor-element-3980304\" data-id=\"3980304\" data-element_type=\"column\">\n\t\t\t<div class=\"elementor-widget-wrap elementor-element-populated\">\n\t\t\t\t\t\t<div class=\"elementor-element elementor-element-2fdbbd8 elementor-widget elementor-widget-heading\" data-id=\"2fdbbd8\" data-element_type=\"widget\" data-widget_type=\"heading.default\">\n\t\t\t\t<div class=\"elementor-widget-container\">\n\t\t\t\t\t<h2 class=\"elementor-heading-title elementor-size-default\">Acerca de nosotros<\/h2>\t\t\t\t<\/div>\n\t\t\t\t<\/div>\n\t\t\t\t\t<\/div>\n\t\t<\/div>\n\t\t\t\t\t<\/div>\n\t\t<\/section>\n\t\t\t\t<section class=\"elementor-section elementor-top-section elementor-element elementor-element-1f93a1a elementor-section-full_width elementor-section-height-default elementor-section-height-default\" data-id=\"1f93a1a\" data-element_type=\"section\">\n\t\t\t\t\t\t<div class=\"elementor-container elementor-column-gap-default\">\n\t\t\t\t\t<div class=\"elementor-column elementor-col-100 elementor-top-column elementor-element elementor-element-d36a04c\" data-id=\"d36a04c\" data-element_type=\"column\">\n\t\t\t<div class=\"elementor-widget-wrap elementor-element-populated\">\n\t\t\t\t\t\t<section class=\"elementor-section elementor-inner-section elementor-element elementor-element-b06df31 elementor-section-full_width elementor-reverse-tablet elementor-reverse-mobile elementor-section-height-default elementor-section-height-default\" data-id=\"b06df31\" data-element_type=\"section\">\n\t\t\t\t\t\t<div class=\"elementor-container elementor-column-gap-default\">\n\t\t\t\t\t<div class=\"elementor-column elementor-col-50 elementor-inner-column elementor-element elementor-element-eebc404\" data-id=\"eebc404\" data-element_type=\"column\">\n\t\t\t<div class=\"elementor-widget-wrap elementor-element-populated\">\n\t\t\t\t\t\t<div class=\"elementor-element elementor-element-1096789 elementor-widget elementor-widget-heading\" data-id=\"1096789\" data-element_type=\"widget\" data-widget_type=\"heading.default\">\n\t\t\t\t<div class=\"elementor-widget-container\">\n\t\t\t\t\t<h2 class=\"elementor-heading-title elementor-size-default\">Somos un agente inscrito<\/h2>\t\t\t\t<\/div>\n\t\t\t\t<\/div>\n\t\t\t\t<div class=\"elementor-element elementor-element-23ce63b elementor-widget elementor-widget-text-editor\" data-id=\"23ce63b\" data-element_type=\"widget\" data-widget_type=\"text-editor.default\">\n\t\t\t\t<div class=\"elementor-widget-container\">\n\t\t\t\t\t\t\t\t\t<p class=\"translation-block\"><strong>Clara Del Villar<\/strong> es un <strong>Agente Inscrito<\/strong> que se concentra en ayudar a individuos y empresas a resolver sus <strong>problemas fiscales con el IRS<\/strong>. Nuestra empresa est\u00e1 formada por profesionales que trabajan arduamente con la experiencia adecuada para satisfacer a sus necesidades. Nuestra fundadora tiene <strong>Maestr\u00edas en Contabilidad y Finanzas<\/strong>, con <strong>Bachillerato en Administraci\u00f3n de Empresas y Marketing<\/strong>. <strong>Tax Resolution Professionals of NYC<\/strong> se especializa en reducir las deudas tributarias de nuestros clientes y reducir su estr\u00e9s.<\/p><p class=\"translation-block\">Un <strong>Agente Inscrito (EA)<\/strong> es un asesor fiscal que es un <strong>profesional de impuestos con licencia federal<\/strong> que puede representar a los contribuyentes ante el IRS cuando se trata de colecciones, auditor\u00edas y apelaciones. Seg\u00fan lo autorizado por el Departamento del Tesoro, a los EA se les otorga derechos de pr\u00e1ctica ilimitados para representar a los contribuyentes ante el IRS y est\u00e1n autorizados para asesorar, representar y preparar declaraciones de impuestos para individuos, sociedades, corporaciones, patrimonios, fideicomisos y cualquier entidad con requisitos de declaraci\u00f3n de impuestos. <strong>Los Agentes Inscrito son los \u00fanicos profesionales de impuesto con licencia federal especializados en tributaci\u00f3n y con derechos ilimitados para representar a los contribuyentes ante el IRS.<\/strong><\/p>\t\t\t\t\t\t\t\t<\/div>\n\t\t\t\t<\/div>\n\t\t\t\t\t<\/div>\n\t\t<\/div>\n\t\t\t\t<div class=\"elementor-column elementor-col-50 elementor-inner-column elementor-element elementor-element-49662ef\" data-id=\"49662ef\" data-element_type=\"column\">\n\t\t\t<div class=\"elementor-widget-wrap elementor-element-populated\">\n\t\t\t\t\t\t<div class=\"elementor-element elementor-element-bb95f7a elementor-widget elementor-widget-image\" data-id=\"bb95f7a\" data-element_type=\"widget\" data-widget_type=\"image.default\">\n\t\t\t\t<div class=\"elementor-widget-container\">\n\t\t\t\t\t\t\t\t\t\t\t\t\t\t\t<img fetchpriority=\"high\" decoding=\"async\" width=\"1280\" height=\"1290\" src=\"https:\/\/taxresolutionnyc.com\/wp-content\/uploads\/2022\/12\/img-about-1.jpg\" class=\"attachment-full size-full wp-image-124\" alt=\"\" srcset=\"https:\/\/taxresolutionnyc.com\/wp-content\/uploads\/2022\/12\/img-about-1.jpg 1280w, https:\/\/taxresolutionnyc.com\/wp-content\/uploads\/2022\/12\/img-about-1-298x300.jpg 298w, https:\/\/taxresolutionnyc.com\/wp-content\/uploads\/2022\/12\/img-about-1-1016x1024.jpg 1016w, https:\/\/taxresolutionnyc.com\/wp-content\/uploads\/2022\/12\/img-about-1-150x150.jpg 150w, https:\/\/taxresolutionnyc.com\/wp-content\/uploads\/2022\/12\/img-about-1-768x774.jpg 768w\" sizes=\"(max-width: 1280px) 100vw, 1280px\" \/>\t\t\t\t\t\t\t\t\t\t\t\t\t\t\t<\/div>\n\t\t\t\t<\/div>\n\t\t\t\t\t<\/div>\n\t\t<\/div>\n\t\t\t\t\t<\/div>\n\t\t<\/section>\n\t\t\t\t<section class=\"elementor-section elementor-inner-section elementor-element elementor-element-6ada8bc elementor-section-full_width elementor-section-height-default elementor-section-height-default\" data-id=\"6ada8bc\" data-element_type=\"section\">\n\t\t\t\t\t\t<div class=\"elementor-container elementor-column-gap-default\">\n\t\t\t\t\t<div class=\"elementor-column elementor-col-50 elementor-inner-column elementor-element elementor-element-9fea785\" data-id=\"9fea785\" data-element_type=\"column\">\n\t\t\t<div class=\"elementor-widget-wrap elementor-element-populated\">\n\t\t\t\t\t\t<div class=\"elementor-element elementor-element-86b3d65 elementor-widget elementor-widget-image\" data-id=\"86b3d65\" data-element_type=\"widget\" data-widget_type=\"image.default\">\n\t\t\t\t<div class=\"elementor-widget-container\">\n\t\t\t\t\t\t\t\t\t\t\t\t\t\t\t<img decoding=\"async\" width=\"1019\" height=\"853\" src=\"https:\/\/taxresolutionnyc.com\/wp-content\/uploads\/2022\/12\/img-about-3.jpg\" class=\"attachment-full size-full wp-image-127\" alt=\"\" srcset=\"https:\/\/taxresolutionnyc.com\/wp-content\/uploads\/2022\/12\/img-about-3.jpg 1019w, https:\/\/taxresolutionnyc.com\/wp-content\/uploads\/2022\/12\/img-about-3-300x251.jpg 300w, https:\/\/taxresolutionnyc.com\/wp-content\/uploads\/2022\/12\/img-about-3-768x643.jpg 768w\" sizes=\"(max-width: 1019px) 100vw, 1019px\" \/>\t\t\t\t\t\t\t\t\t\t\t\t\t\t\t<\/div>\n\t\t\t\t<\/div>\n\t\t\t\t\t<\/div>\n\t\t<\/div>\n\t\t\t\t<div class=\"elementor-column elementor-col-50 elementor-inner-column elementor-element elementor-element-c70490f\" data-id=\"c70490f\" data-element_type=\"column\">\n\t\t\t<div class=\"elementor-widget-wrap elementor-element-populated\">\n\t\t\t\t\t\t<div class=\"elementor-element elementor-element-84f18e5 elementor-widget elementor-widget-heading\" data-id=\"84f18e5\" data-element_type=\"widget\" data-widget_type=\"heading.default\">\n\t\t\t\t<div class=\"elementor-widget-container\">\n\t\t\t\t\t<h2 class=\"elementor-heading-title elementor-size-default\">diferencias entre los Agentes Registrados y otros profesionales de impuestos<\/h2>\t\t\t\t<\/div>\n\t\t\t\t<\/div>\n\t\t\t\t<div class=\"elementor-element elementor-element-30afa8e elementor-widget elementor-widget-text-editor\" data-id=\"30afa8e\" data-element_type=\"widget\" data-widget_type=\"text-editor.default\">\n\t\t\t\t<div class=\"elementor-widget-container\">\n\t\t\t\t\t\t\t\t\t<p class=\"translation-block\"><strong>S\u00f3lo los EA est\u00e1n obligados a demostrar al IRS<\/strong> su capacidad en asuntos de tributaci\u00f3n antes de que puedan representar a un contribuyente ante el IRS. A diferencia de los abogados y los CPA, que pueden o no optar por especializarse en impuestos, <strong>todos los EA se especializan en impuestos<\/strong>. <strong>Los EA son los \u00fanicos representantes de los contribuyentes que reciben su derecho a practicar por parte del gobierno de EE.UU.<\/strong> (los CPA y los abogados est\u00e1n autorizados por los estados). <strong>Los EA tambi\u00e9n preparan declaraciones de impuestos<\/strong> y <strong>llevan la contabilidad de aquellas personas<\/strong> y empresas que necesitan ayuda adicional con sus estados financieros.<\/p>\t\t\t\t\t\t\t\t<\/div>\n\t\t\t\t<\/div>\n\t\t\t\t\t<\/div>\n\t\t<\/div>\n\t\t\t\t\t<\/div>\n\t\t<\/section>\n\t\t\t\t\t<\/div>\n\t\t<\/div>\n\t\t\t\t\t<\/div>\n\t\t<\/section>\n\t\t\t\t<\/div>","protected":false},"excerpt":{"rendered":"<p>About us We&#8217;re an Enrolled Agent Clara Del Villar is an Enrolled Agent who concentrates on helping individuals and businesses resolve their IRS tax problems. Our company is comprised of hard-working professionals with the right background to serve your needs. Our founder has MBAs in accounting and finance, with Bachelor\u2019s in Business Administration and Marketing. &hellip;<\/p>\n<p class=\"read-more\"> <a class=\"\" href=\"https:\/\/taxresolutionnyc.com\/es\/about-us\/\"> <span class=\"screen-reader-text\">Acerca de<\/span> Leer m\u00e1s &raquo;<\/a><\/p>","protected":false},"author":1,"featured_media":0,"parent":0,"menu_order":0,"comment_status":"closed","ping_status":"closed","template":"elementor_header_footer","meta":{"site-sidebar-layout":"no-sidebar","site-content-layout":"page-builder","ast-global-header-display":"","ast-main-header-display":"","ast-hfb-above-header-display":"","ast-hfb-below-header-display":"","ast-hfb-mobile-header-display":"","site-post-title":"disabled","ast-breadcrumbs-content":"","ast-featured-img":"disabled","footer-sml-layout":"","theme-transparent-header-meta":"","adv-header-id-meta":"","stick-header-meta":"","header-above-stick-meta":"","header-main-stick-meta":"","header-below-stick-meta":"","footnotes":""},"class_list":["post-29","page","type-page","status-publish","hentry"],"yoast_head":"<!-- This site is optimized with the Yoast SEO plugin v23.4 - https:\/\/yoast.com\/wordpress\/plugins\/seo\/ -->\n<title>About Us - Tax Resolution Professionals<\/title>\n<meta name=\"robots\" content=\"index, follow, max-snippet:-1, max-image-preview:large, max-video-preview:-1\" \/>\n<link rel=\"canonical\" href=\"https:\/\/taxresolutionnyc.com\/es\/about-us\/\" \/>\n<meta property=\"og:locale\" content=\"es_ES\" \/>\n<meta property=\"og:type\" content=\"article\" \/>\n<meta property=\"og:title\" content=\"About Us - Tax Resolution Professionals\" \/>\n<meta property=\"og:description\" content=\"About us We&#8217;re an Enrolled Agent Clara Del Villar is an Enrolled Agent who concentrates on helping individuals and businesses resolve their IRS tax problems. Our company is comprised of hard-working professionals with the right background to serve your needs. Our founder has MBAs in accounting and finance, with Bachelor\u2019s in Business Administration and Marketing. &hellip; About Us Leer m\u00e1s &raquo;\" \/>\n<meta property=\"og:url\" content=\"https:\/\/taxresolutionnyc.com\/es\/about-us\/\" \/>\n<meta property=\"og:site_name\" content=\"Tax Resolution Professionals\" \/>\n<meta property=\"article:modified_time\" content=\"2023-06-29T19:35:31+00:00\" \/>\n<meta property=\"og:image\" content=\"https:\/\/taxresolutionnyc.com\/wp-content\/uploads\/2022\/12\/img-about-1.jpg\" \/>\n<meta name=\"twitter:card\" content=\"summary_large_image\" \/>\n<meta name=\"twitter:label1\" content=\"Tiempo de lectura\" \/>\n\t<meta name=\"twitter:data1\" content=\"2 minutos\" \/>\n<script type=\"application\/ld+json\" class=\"yoast-schema-graph\">{\"@context\":\"https:\/\/schema.org\",\"@graph\":[{\"@type\":\"WebPage\",\"@id\":\"https:\/\/taxresolutionnyc.com\/about-us\/\",\"url\":\"https:\/\/taxresolutionnyc.com\/about-us\/\",\"name\":\"About Us - Tax Resolution Professionals\",\"isPartOf\":{\"@id\":\"https:\/\/lightgoldenrodyellow-rhinoceros-967801.hostingersite.com\/#website\"},\"primaryImageOfPage\":{\"@id\":\"https:\/\/taxresolutionnyc.com\/about-us\/#primaryimage\"},\"image\":{\"@id\":\"https:\/\/taxresolutionnyc.com\/about-us\/#primaryimage\"},\"thumbnailUrl\":\"https:\/\/taxresolutionnyc.com\/wp-content\/uploads\/2022\/12\/img-about-1.jpg\",\"datePublished\":\"2022-11-30T11:41:37+00:00\",\"dateModified\":\"2023-06-29T19:35:31+00:00\",\"breadcrumb\":{\"@id\":\"https:\/\/taxresolutionnyc.com\/about-us\/#breadcrumb\"},\"inLanguage\":\"es\",\"potentialAction\":[{\"@type\":\"ReadAction\",\"target\":[\"https:\/\/taxresolutionnyc.com\/about-us\/\"]}]},{\"@type\":\"ImageObject\",\"inLanguage\":\"es\",\"@id\":\"https:\/\/taxresolutionnyc.com\/about-us\/#primaryimage\",\"url\":\"https:\/\/taxresolutionnyc.com\/wp-content\/uploads\/2022\/12\/img-about-1.jpg\",\"contentUrl\":\"https:\/\/taxresolutionnyc.com\/wp-content\/uploads\/2022\/12\/img-about-1.jpg\"},{\"@type\":\"BreadcrumbList\",\"@id\":\"https:\/\/taxresolutionnyc.com\/about-us\/#breadcrumb\",\"itemListElement\":[{\"@type\":\"ListItem\",\"position\":1,\"name\":\"Home\",\"item\":\"https:\/\/lightgoldenrodyellow-rhinoceros-967801.hostingersite.com\/\"},{\"@type\":\"ListItem\",\"position\":2,\"name\":\"About Us\"}]},{\"@type\":\"WebSite\",\"@id\":\"https:\/\/lightgoldenrodyellow-rhinoceros-967801.hostingersite.com\/#website\",\"url\":\"https:\/\/lightgoldenrodyellow-rhinoceros-967801.hostingersite.com\/\",\"name\":\"Tax Resolution Professionals\",\"description\":\"NYC\",\"potentialAction\":[{\"@type\":\"SearchAction\",\"target\":{\"@type\":\"EntryPoint\",\"urlTemplate\":\"https:\/\/lightgoldenrodyellow-rhinoceros-967801.hostingersite.com\/?s={search_term_string}\"},\"query-input\":{\"@type\":\"PropertyValueSpecification\",\"valueRequired\":true,\"valueName\":\"search_term_string\"}}],\"inLanguage\":\"es\"}]}<\/script>\n<!-- \/ Yoast SEO plugin. -->","yoast_head_json":{"title":"About Us - Tax Resolution Professionals","robots":{"index":"index","follow":"follow","max-snippet":"max-snippet:-1","max-image-preview":"max-image-preview:large","max-video-preview":"max-video-preview:-1"},"canonical":"https:\/\/taxresolutionnyc.com\/es\/about-us\/","og_locale":"es_ES","og_type":"article","og_title":"About Us - Tax Resolution Professionals","og_description":"About us We&#8217;re an Enrolled Agent Clara Del Villar is an Enrolled Agent who concentrates on helping individuals and businesses resolve their IRS tax problems. Our company is comprised of hard-working professionals with the right background to serve your needs. Our founder has MBAs in accounting and finance, with Bachelor\u2019s in Business Administration and Marketing. &hellip; About Us Leer m\u00e1s &raquo;","og_url":"https:\/\/taxresolutionnyc.com\/es\/about-us\/","og_site_name":"Tax Resolution Professionals","article_modified_time":"2023-06-29T19:35:31+00:00","og_image":[{"url":"https:\/\/taxresolutionnyc.com\/wp-content\/uploads\/2022\/12\/img-about-1.jpg"}],"twitter_card":"summary_large_image","twitter_misc":{"Tiempo de lectura":"2 minutos"},"schema":{"@context":"https:\/\/schema.org","@graph":[{"@type":"WebPage","@id":"https:\/\/taxresolutionnyc.com\/about-us\/","url":"https:\/\/taxresolutionnyc.com\/about-us\/","name":"About Us - Tax Resolution Professionals","isPartOf":{"@id":"https:\/\/lightgoldenrodyellow-rhinoceros-967801.hostingersite.com\/#website"},"primaryImageOfPage":{"@id":"https:\/\/taxresolutionnyc.com\/about-us\/#primaryimage"},"image":{"@id":"https:\/\/taxresolutionnyc.com\/about-us\/#primaryimage"},"thumbnailUrl":"https:\/\/taxresolutionnyc.com\/wp-content\/uploads\/2022\/12\/img-about-1.jpg","datePublished":"2022-11-30T11:41:37+00:00","dateModified":"2023-06-29T19:35:31+00:00","breadcrumb":{"@id":"https:\/\/taxresolutionnyc.com\/about-us\/#breadcrumb"},"inLanguage":"es","potentialAction":[{"@type":"ReadAction","target":["https:\/\/taxresolutionnyc.com\/about-us\/"]}]},{"@type":"ImageObject","inLanguage":"es","@id":"https:\/\/taxresolutionnyc.com\/about-us\/#primaryimage","url":"https:\/\/taxresolutionnyc.com\/wp-content\/uploads\/2022\/12\/img-about-1.jpg","contentUrl":"https:\/\/taxresolutionnyc.com\/wp-content\/uploads\/2022\/12\/img-about-1.jpg"},{"@type":"BreadcrumbList","@id":"https:\/\/taxresolutionnyc.com\/about-us\/#breadcrumb","itemListElement":[{"@type":"ListItem","position":1,"name":"Home","item":"https:\/\/lightgoldenrodyellow-rhinoceros-967801.hostingersite.com\/"},{"@type":"ListItem","position":2,"name":"About Us"}]},{"@type":"WebSite","@id":"https:\/\/lightgoldenrodyellow-rhinoceros-967801.hostingersite.com\/#website","url":"https:\/\/lightgoldenrodyellow-rhinoceros-967801.hostingersite.com\/","name":"Tax Resolution Professionals","description":"NYC","potentialAction":[{"@type":"SearchAction","target":{"@type":"EntryPoint","urlTemplate":"https:\/\/lightgoldenrodyellow-rhinoceros-967801.hostingersite.com\/?s={search_term_string}"},"query-input":{"@type":"PropertyValueSpecification","valueRequired":true,"valueName":"search_term_string"}}],"inLanguage":"es"}]}},"_links":{"self":[{"href":"https:\/\/taxresolutionnyc.com\/es\/wp-json\/wp\/v2\/pages\/29","targetHints":{"allow":["GET"]}}],"collection":[{"href":"https:\/\/taxresolutionnyc.com\/es\/wp-json\/wp\/v2\/pages"}],"about":[{"href":"https:\/\/taxresolutionnyc.com\/es\/wp-json\/wp\/v2\/types\/page"}],"author":[{"embeddable":true,"href":"https:\/\/taxresolutionnyc.com\/es\/wp-json\/wp\/v2\/users\/1"}],"replies":[{"embeddable":true,"href":"https:\/\/taxresolutionnyc.com\/es\/wp-json\/wp\/v2\/comments?post=29"}],"version-history":[{"count":58,"href":"https:\/\/taxresolutionnyc.com\/es\/wp-json\/wp\/v2\/pages\/29\/revisions"}],"predecessor-version":[{"id":335,"href":"https:\/\/taxresolutionnyc.com\/es\/wp-json\/wp\/v2\/pages\/29\/revisions\/335"}],"wp:attachment":[{"href":"https:\/\/taxresolutionnyc.com\/es\/wp-json\/wp\/v2\/media?parent=29"}],"curies":[{"name":"wp","href":"https:\/\/api.w.org\/{rel}","templated":true}]}}